{"id":870,"date":"2020-10-04T11:19:33","date_gmt":"2020-10-04T11:19:33","guid":{"rendered":"http:\/\/adpegroupeschuman.fr\/page\/?page_id=870"},"modified":"2024-05-28T20:00:59","modified_gmt":"2024-05-28T20:00:59","slug":"accueil","status":"publish","type":"page","link":"http:\/\/adpegroupeschuman.fr\/page\/","title":{"rendered":"Accueil"},"content":{"rendered":"<p><a href=\"https:\/\/www.facebook.com\/ADPE-Groupe-Schuman-1023163537778408\/\"><img loading=\"lazy\" decoding=\"async\" class=\"alignnone wp-image-1470 fqwzlfphbavfbyknbuow\" style=\"display: none !important;\" src=\"http:\/\/adpegroupeschuman.fr\/page\/wp-content\/uploads\/2015\/05\/Facebook.jpg\" alt=\"Facebook\" width=\"62\" height=\"62\" srcset=\"http:\/\/adpegroupeschuman.fr\/page\/wp-content\/uploads\/2015\/05\/Facebook.jpg 225w, http:\/\/adpegroupeschuman.fr\/page\/wp-content\/uploads\/2015\/05\/Facebook-150x150.jpg 150w, http:\/\/adpegroupeschuman.fr\/page\/wp-content\/uploads\/2015\/05\/Facebook-100x100.jpg 100w, http:\/\/adpegroupeschuman.fr\/page\/wp-content\/uploads\/2015\/05\/Facebook-200x200.jpg 200w\" sizes=\"(max-width: 62px) 100vw, 62px\" \/><\/a><br \/>\n<img loading=\"lazy\" decoding=\"async\" class=\"aligncenter wp-image-1609\" src=\"http:\/\/adpegroupeschuman.fr\/page\/wp-content\/uploads\/2015\/05\/logoSA.jpg\" alt=\"\" width=\"238\" height=\"78\" srcset=\"http:\/\/adpegroupeschuman.fr\/page\/wp-content\/uploads\/2015\/05\/logoSA.jpg 331w, http:\/\/adpegroupeschuman.fr\/page\/wp-content\/uploads\/2015\/05\/logoSA-300x98.jpg 300w, http:\/\/adpegroupeschuman.fr\/page\/wp-content\/uploads\/2015\/05\/logoSA-100x33.jpg 100w, http:\/\/adpegroupeschuman.fr\/page\/wp-content\/uploads\/2015\/05\/logoSA-150x49.jpg 150w, http:\/\/adpegroupeschuman.fr\/page\/wp-content\/uploads\/2015\/05\/logoSA-200x65.jpg 200w\" sizes=\"(max-width: 238px) 100vw, 238px\" \/><\/p>\n<h3 style=\"text-align: center;\"><span style=\"color: #3366ff;\">Bienvenue sur le site de l&rsquo;Association Des Parents d&rsquo;El\u00e8ves du groupe Schuman<\/span><\/h3>\n<h3 style=\"text-align: center;\"><\/h3>\n<hr \/>\n<p style=\"text-align: center;\">\u00a0<a href=\"http:\/\/adpegroupeschuman.fr\/page\/wp-content\/uploads\/2010\/09\/img_2405.jpg\"><img loading=\"lazy\" decoding=\"async\" class=\" wp-image-862 aligncenter\" src=\"http:\/\/adpegroupeschuman.fr\/page\/wp-content\/uploads\/2010\/09\/img_2405-300x200.jpg\" alt=\"img_2405\" width=\"362\" height=\"241\" srcset=\"http:\/\/adpegroupeschuman.fr\/page\/wp-content\/uploads\/2010\/09\/img_2405-300x200.jpg 300w, http:\/\/adpegroupeschuman.fr\/page\/wp-content\/uploads\/2010\/09\/img_2405-1024x683.jpg 1024w, http:\/\/adpegroupeschuman.fr\/page\/wp-content\/uploads\/2010\/09\/img_2405-75x50.jpg 75w\" sizes=\"(max-width: 362px) 100vw, 362px\" \/><\/a><\/p>\n<p style=\"text-align: center;\"><span style=\"font-size: small;\"><strong><span style=\"color: #ff6600;\"><span style=\"color: #000000;\">Ecole Maternelle<\/span><\/span><span style=\"color: #ff6600;\"><br \/>\n<\/span><\/strong><span style=\"color: #ff6600;\">DESBORDES VALMORE<\/span><strong><span style=\"color: #ff6600;\"><br \/>\n<\/span><\/strong><span style=\"color: #ff6600;\"><span style=\"color: #000000;\">98, rue du G\u00e9n\u00e9ral Leclerc<\/span><\/span><span style=\"color: #ff6600;\"><br \/>\n<span style=\"color: #000000;\">59350 Saint-Andr\u00e9-Lez-Lille<\/span><br \/>\n<\/span><span style=\"color: #ff6600;\"><span style=\"color: #000000;\">T\u00e9l. 03 20 51 68 75<\/span><\/span><strong><span style=\"color: #ff6600;\"><br \/>\nDirectrice : Madame\u00a0 ROETYNCK<\/span><\/strong><\/span><\/p>\n<p style=\"text-align: center;\">\u00a0<a href=\"http:\/\/adpegroupeschuman.fr\/page\/wp-content\/uploads\/2010\/09\/curie-ferrymod.jpg\"><img loading=\"lazy\" decoding=\"async\" class=\" wp-image-864 aligncenter\" src=\"http:\/\/adpegroupeschuman.fr\/page\/wp-content\/uploads\/2010\/09\/curie-ferrymod-300x200.jpg\" alt=\"curie-ferrymod\" width=\"401\" height=\"267\" srcset=\"http:\/\/adpegroupeschuman.fr\/page\/wp-content\/uploads\/2010\/09\/curie-ferrymod-300x200.jpg 300w, http:\/\/adpegroupeschuman.fr\/page\/wp-content\/uploads\/2010\/09\/curie-ferrymod-75x50.jpg 75w, http:\/\/adpegroupeschuman.fr\/page\/wp-content\/uploads\/2010\/09\/curie-ferrymod.jpg 689w\" sizes=\"(max-width: 401px) 100vw, 401px\" \/><\/a><\/p>\n<p style=\"text-align: center;\"><strong><span style=\"font-size: small; color: #000000;\">Ecole Publique Mixte Niveau 2<\/span><\/strong><br \/>\n<strong><span style=\"color: #ff6600; font-size: small;\">CURIE FERRY<\/span><\/strong><br \/>\n<span style=\"font-size: small; color: #000000;\">41, rue Chanzy<\/span><br \/>\n<span style=\"font-size: small; color: #000000;\">59350 Saint-Andr\u00e9-Lez-Lille<\/span><br \/>\n<span style=\"font-size: small; color: #000000;\">T\u00e9l. 03 20 51 61 93<\/span><br \/>\n<span style=\"font-size: small;\"><strong><span style=\"color: #ff6600;\">Directrice : Madame HUCHARD<\/span><\/strong><\/span><\/p>\n<p style=\"text-align: center;\">\n","protected":false},"excerpt":{"rendered":"<p>Bienvenue sur le site de l&rsquo;Association Des Parents d&rsquo;El\u00e8ves du groupe Schuman \u00a0 Ecole Maternelle DESBORDES VALMORE 98, rue du G\u00e9n\u00e9ral Leclerc 59350 Saint-Andr\u00e9-Lez-Lille T\u00e9l. 03 20 51 68 75 Directrice : Madame\u00a0 ROETYNCK \u00a0 Ecole Publique Mixte Niveau 2 &hellip;<\/p>\n<p class=\"read-more\"> <a class=\"more-link\" href=\"http:\/\/adpegroupeschuman.fr\/page\/\"> <span class=\"screen-reader-text\">Accueil<\/span> Read More &raquo;<\/a><\/p>\n","protected":false},"author":8,"featured_media":0,"parent":0,"menu_order":0,"comment_status":"closed","ping_status":"closed","template":"","meta":{"footnotes":""},"_links":{"self":[{"href":"http:\/\/adpegroupeschuman.fr\/page\/wp-json\/wp\/v2\/pages\/870"}],"collection":[{"href":"http:\/\/adpegroupeschuman.fr\/page\/wp-json\/wp\/v2\/pages"}],"about":[{"href":"http:\/\/adpegroupeschuman.fr\/page\/wp-json\/wp\/v2\/types\/page"}],"author":[{"embeddable":true,"href":"http:\/\/adpegroupeschuman.fr\/page\/wp-json\/wp\/v2\/users\/8"}],"replies":[{"embeddable":true,"href":"http:\/\/adpegroupeschuman.fr\/page\/wp-json\/wp\/v2\/comments?post=870"}],"version-history":[{"count":90,"href":"http:\/\/adpegroupeschuman.fr\/page\/wp-json\/wp\/v2\/pages\/870\/revisions"}],"predecessor-version":[{"id":1915,"href":"http:\/\/adpegroupeschuman.fr\/page\/wp-json\/wp\/v2\/pages\/870\/revisions\/1915"}],"wp:attachment":[{"href":"http:\/\/adpegroupeschuman.fr\/page\/wp-json\/wp\/v2\/media?parent=870"}],"curies":[{"name":"wp","href":"https:\/\/api.w.org\/{rel}","templated":true}]}}